{"id":37,"date":"2026-03-11T13:30:57","date_gmt":"2026-03-11T13:30:57","guid":{"rendered":"https:\/\/xn--hbesalong-q7a.eu\/services\/"},"modified":"2026-03-16T10:14:05","modified_gmt":"2026-03-16T10:14:05","slug":"services","status":"publish","type":"page","link":"https:\/\/xn--hbesalong-q7a.eu\/et\/services\/","title":{"rendered":"Teenused"},"content":{"rendered":"<div class=\"wp-block-group alignfull is-style-ext-preset--group--natural-1--section has-background-background-color has-background has-global-padding is-layout-constrained wp-container-core-group-is-layout-e955bbaf wp-block-group-is-layout-constrained is-style-ext-preset--group--natural-1--section--1\" id=\"services\" style=\"margin-top:0;margin-bottom:0;padding-top:var(--wp--preset--spacing--70);padding-bottom:var(--wp--preset--spacing--70)\">\n<div class=\"wp-block-group alignwide ext-is-logical-start has-global-padding is-content-justification-left is-layout-constrained wp-container-core-group-is-layout-6729bdbe wp-block-group-is-layout-constrained\">\n<h2 class=\"wp-block-heading ext-animate--on\">Broneeri oma iluhoolitsus juba t\u00e4na<\/h2>\n\n\n\n<p class=\"has-text-align-left ext-animate--on\">Tutvu meie mitmekesise iluteenuste valikuga, mis on loodud pakkuma parimat kvaliteeti ja t\u00e4ielikku rahulolu.<\/p>\n<\/div>\n\n\n\n<div class=\"wp-block-columns alignwide is-layout-flex wp-container-core-columns-is-layout-08c01c1c wp-block-columns-is-layout-flex\">\n<div class=\"wp-block-column ext-animate--on is-layout-flow wp-block-column-is-layout-flow\">\n<div class=\"wp-block-group is-style-ext-preset--group--natural-1--item-card-1--align-start has-global-padding is-layout-constrained wp-block-group-is-layout-constrained is-style-ext-preset--group--natural-1--item-card-1--align-start--2\">\n<figure class=\"wp-block-image\"><img loading=\"lazy\" decoding=\"async\" width=\"1440\" height=\"960\" src=\"https:\/\/xn--hbesalong-q7a.eu\/wp-content\/uploads\/2026\/03\/c0fd5ce2343a28f9a0fffc87ba827b593e687def.jpg\" alt=\"\" class=\"wp-image-59\" style=\"aspect-ratio:4\/3;object-fit:cover\" srcset=\"https:\/\/xn--hbesalong-q7a.eu\/wp-content\/uploads\/2026\/03\/c0fd5ce2343a28f9a0fffc87ba827b593e687def.jpg 1440w, https:\/\/xn--hbesalong-q7a.eu\/wp-content\/uploads\/2026\/03\/c0fd5ce2343a28f9a0fffc87ba827b593e687def-300x200.jpg 300w, https:\/\/xn--hbesalong-q7a.eu\/wp-content\/uploads\/2026\/03\/c0fd5ce2343a28f9a0fffc87ba827b593e687def-1024x683.jpg 1024w, https:\/\/xn--hbesalong-q7a.eu\/wp-content\/uploads\/2026\/03\/c0fd5ce2343a28f9a0fffc87ba827b593e687def-768x512.jpg 768w, https:\/\/xn--hbesalong-q7a.eu\/wp-content\/uploads\/2026\/03\/c0fd5ce2343a28f9a0fffc87ba827b593e687def-18x12.jpg 18w\" sizes=\"auto, (max-width: 1440px) 100vw, 1440px\" \/><\/figure>\n\n\n\n<div class=\"wp-block-group is-style-default has-global-padding is-layout-constrained wp-block-group-is-layout-constrained\">\n<h3 class=\"wp-block-heading\">N\u00e4ohooldus<\/h3>\n\n\n\n<p>Meie n\u00e4ohooldus keskendub sinu naha individuaalsetele vajadustele, pakkudes professionaalset ja hoolikat l\u00e4henemist.<\/p>\n<\/div>\n<\/div>\n<\/div>\n\n\n\n<div class=\"wp-block-column ext-animate--on is-layout-flow wp-block-column-is-layout-flow\">\n<div class=\"wp-block-group is-style-ext-preset--group--natural-1--item-card-1--align-start has-global-padding is-layout-constrained wp-block-group-is-layout-constrained is-style-ext-preset--group--natural-1--item-card-1--align-start--3\">\n<figure class=\"wp-block-image\"><img loading=\"lazy\" decoding=\"async\" width=\"960\" height=\"1440\" src=\"https:\/\/xn--hbesalong-q7a.eu\/wp-content\/uploads\/2026\/03\/ef9bdac5fd4d25ca41d34fe63494ede1a651bf9f.jpg\" alt=\"\" class=\"wp-image-60\" style=\"aspect-ratio:4\/3;object-fit:cover\" srcset=\"https:\/\/xn--hbesalong-q7a.eu\/wp-content\/uploads\/2026\/03\/ef9bdac5fd4d25ca41d34fe63494ede1a651bf9f.jpg 960w, https:\/\/xn--hbesalong-q7a.eu\/wp-content\/uploads\/2026\/03\/ef9bdac5fd4d25ca41d34fe63494ede1a651bf9f-200x300.jpg 200w, https:\/\/xn--hbesalong-q7a.eu\/wp-content\/uploads\/2026\/03\/ef9bdac5fd4d25ca41d34fe63494ede1a651bf9f-683x1024.jpg 683w, https:\/\/xn--hbesalong-q7a.eu\/wp-content\/uploads\/2026\/03\/ef9bdac5fd4d25ca41d34fe63494ede1a651bf9f-768x1152.jpg 768w, https:\/\/xn--hbesalong-q7a.eu\/wp-content\/uploads\/2026\/03\/ef9bdac5fd4d25ca41d34fe63494ede1a651bf9f-8x12.jpg 8w\" sizes=\"auto, (max-width: 960px) 100vw, 960px\" \/><\/figure>\n\n\n\n<div class=\"wp-block-group is-style-default has-global-padding is-layout-constrained wp-block-group-is-layout-constrained\">\n<h3 class=\"wp-block-heading\">Juuksuriteenus<\/h3>\n\n\n\n<p>Personaalne juuksuriteenus, mis toob esile sinu loomuliku ilu ja enesekindluse.<\/p>\n<\/div>\n<\/div>\n<\/div>\n\n\n\n<div class=\"wp-block-column ext-animate--on is-layout-flow wp-block-column-is-layout-flow\">\n<div class=\"wp-block-group is-style-ext-preset--group--natural-1--item-card-1--align-start has-global-padding is-layout-constrained wp-block-group-is-layout-constrained is-style-ext-preset--group--natural-1--item-card-1--align-start--4\">\n<figure class=\"wp-block-image\"><img loading=\"lazy\" decoding=\"async\" width=\"1440\" height=\"961\" src=\"https:\/\/xn--hbesalong-q7a.eu\/wp-content\/uploads\/2026\/03\/d29d3480e20eb4dcf309d5d81e8c438799b855d7.jpg\" alt=\"\" class=\"wp-image-50\" style=\"aspect-ratio:4\/3;object-fit:cover\" srcset=\"https:\/\/xn--hbesalong-q7a.eu\/wp-content\/uploads\/2026\/03\/d29d3480e20eb4dcf309d5d81e8c438799b855d7.jpg 1440w, https:\/\/xn--hbesalong-q7a.eu\/wp-content\/uploads\/2026\/03\/d29d3480e20eb4dcf309d5d81e8c438799b855d7-300x200.jpg 300w, https:\/\/xn--hbesalong-q7a.eu\/wp-content\/uploads\/2026\/03\/d29d3480e20eb4dcf309d5d81e8c438799b855d7-1024x683.jpg 1024w, https:\/\/xn--hbesalong-q7a.eu\/wp-content\/uploads\/2026\/03\/d29d3480e20eb4dcf309d5d81e8c438799b855d7-768x513.jpg 768w, https:\/\/xn--hbesalong-q7a.eu\/wp-content\/uploads\/2026\/03\/d29d3480e20eb4dcf309d5d81e8c438799b855d7-18x12.jpg 18w\" sizes=\"auto, (max-width: 1440px) 100vw, 1440px\" \/><\/figure>\n\n\n\n<div class=\"wp-block-group is-style-default has-global-padding is-layout-constrained wp-block-group-is-layout-constrained\">\n<h3 class=\"wp-block-heading\">Manik\u00fc\u00fcr ja pedik\u00fc\u00fcr<\/h3>\n\n\n\n<p>Naudi meie kvaliteetseid k\u00fc\u00fcnehooldusteenuseid, mis pakuvad kaunist ja p\u00fcsivat tulemust ning hoolikat t\u00e4helepanu igale detailile.<\/p>\n<\/div>\n<\/div>\n<\/div>\n<\/div>\n<\/div>\n\n\n\n<div class=\"wp-block-group alignfull ext-animate--on is-style-ext-preset--group--natural-1--section has-tertiary-background-color has-background has-global-padding is-layout-constrained wp-block-group-is-layout-constrained is-style-ext-preset--group--natural-1--section--5\" style=\"margin-top:0;margin-bottom:0\">\n<div class=\"wp-block-bookingpress-bookingpress-appointment-form ext-animate--on\"><div\r\n\tid=\"bookingpress-form-vue3-bpv3_6\"\r\n\tclass=\"bpa-frontend-main-container bpa-frontend-main-booking-calendar bpa-frontend-vue3\"\r\n\tdata-instance=\"bpv3_6\"\r\n>\r\n\t<div\r\n\t\tid=\"bookingpress-form-vue3-loader-bpv3_6\"\r\n\t\tclass=\"bpa-back-loader-container bpa-frontend-vue3-loader\"\r\n\t>\r\n\t\t<div class=\"bpa-back-loader\" role=\"status\" aria-live=\"polite\">\r\n\t\t\t<span class=\"screen-reader-text\">\r\n\t\t\t\tLoading booking form&hellip;\t\t\t<\/span>\r\n\t\t<\/div>\r\n\t<\/div>\r\n<\/div>\r\n<\/div>\n<\/div>","protected":false},"excerpt":{"rendered":"<p>Schedule Your Ultimate Beauty Experience Today Explore our comprehensive range of beauty treatments, crafted to ensure excellence and your complete satisfaction. Signature Facial Treatment Our facial therapy targets your skin&#8217;s unique concerns with expert precision and care. Luxurious Hair Styling Personalized hair styling designed to enhance your natural beauty and confidence. Revitalizing Manicure &amp; Pedicure [&hellip;]<\/p>\n","protected":false},"author":1,"featured_media":0,"parent":0,"menu_order":0,"comment_status":"closed","ping_status":"closed","template":"page-with-title","meta":{"footnotes":""},"class_list":["post-37","page","type-page","status-publish","hentry"],"_links":{"self":[{"href":"https:\/\/xn--hbesalong-q7a.eu\/et\/wp-json\/wp\/v2\/pages\/37","targetHints":{"allow":["GET"]}}],"collection":[{"href":"https:\/\/xn--hbesalong-q7a.eu\/et\/wp-json\/wp\/v2\/pages"}],"about":[{"href":"https:\/\/xn--hbesalong-q7a.eu\/et\/wp-json\/wp\/v2\/types\/page"}],"author":[{"embeddable":true,"href":"https:\/\/xn--hbesalong-q7a.eu\/et\/wp-json\/wp\/v2\/users\/1"}],"replies":[{"embeddable":true,"href":"https:\/\/xn--hbesalong-q7a.eu\/et\/wp-json\/wp\/v2\/comments?post=37"}],"version-history":[{"count":8,"href":"https:\/\/xn--hbesalong-q7a.eu\/et\/wp-json\/wp\/v2\/pages\/37\/revisions"}],"predecessor-version":[{"id":133,"href":"https:\/\/xn--hbesalong-q7a.eu\/et\/wp-json\/wp\/v2\/pages\/37\/revisions\/133"}],"wp:attachment":[{"href":"https:\/\/xn--hbesalong-q7a.eu\/et\/wp-json\/wp\/v2\/media?parent=37"}],"curies":[{"name":"wp","href":"https:\/\/api.w.org\/{rel}","templated":true}]}}