{"id":41,"date":"2026-03-11T13:30:58","date_gmt":"2026-03-11T13:30:58","guid":{"rendered":"https:\/\/xn--hbesalong-q7a.eu\/home\/"},"modified":"2026-03-16T10:03:24","modified_gmt":"2026-03-16T10:03:24","slug":"home","status":"publish","type":"page","link":"https:\/\/xn--hbesalong-q7a.eu\/et\/","title":{"rendered":"Kodu"},"content":{"rendered":"<div class=\"wp-block-group alignfull ext-hero-section is-style-ext-preset--group--natural-1--section has-background-background-color has-background has-global-padding is-layout-constrained wp-block-group-is-layout-constrained is-style-ext-preset--group--natural-1--section--1\" style=\"margin-top:0;margin-bottom:0;padding-top:var(--wp--preset--spacing--50);padding-bottom:var(--wp--preset--spacing--70)\">\n<div class=\"wp-block-columns alignwide are-vertically-aligned-center is-layout-flex wp-container-core-columns-is-layout-174606dc wp-block-columns-is-layout-flex\">\n<div class=\"wp-block-column is-vertically-aligned-center is-layout-flow wp-block-column-is-layout-flow\">\n<figure class=\"wp-block-image is-style-ext-preset--image--natural-1--image-1--content-right ext-animate--on is-style-ext-preset--image--natural-1--image-1--content-right--2\"><img loading=\"lazy\" decoding=\"async\" width=\"960\" height=\"1440\" src=\"https:\/\/xn--hbesalong-q7a.eu\/wp-content\/uploads\/2026\/03\/ef9bdac5fd4d25ca41d34fe63494ede1a651bf9f.jpg\" alt=\"\" class=\"wp-image-60\" style=\"aspect-ratio:1;object-fit:cover\" srcset=\"https:\/\/xn--hbesalong-q7a.eu\/wp-content\/uploads\/2026\/03\/ef9bdac5fd4d25ca41d34fe63494ede1a651bf9f.jpg 960w, https:\/\/xn--hbesalong-q7a.eu\/wp-content\/uploads\/2026\/03\/ef9bdac5fd4d25ca41d34fe63494ede1a651bf9f-200x300.jpg 200w, https:\/\/xn--hbesalong-q7a.eu\/wp-content\/uploads\/2026\/03\/ef9bdac5fd4d25ca41d34fe63494ede1a651bf9f-683x1024.jpg 683w, https:\/\/xn--hbesalong-q7a.eu\/wp-content\/uploads\/2026\/03\/ef9bdac5fd4d25ca41d34fe63494ede1a651bf9f-768x1152.jpg 768w, https:\/\/xn--hbesalong-q7a.eu\/wp-content\/uploads\/2026\/03\/ef9bdac5fd4d25ca41d34fe63494ede1a651bf9f-8x12.jpg 8w\" sizes=\"auto, (max-width: 960px) 100vw, 960px\" \/><\/figure>\n<\/div>\n\n\n\n<div class=\"wp-block-column is-vertically-aligned-center is-layout-flow wp-block-column-is-layout-flow\">\n<h1 class=\"wp-block-heading ext-animate--on\">Too esile oma loomulik ilu<\/h1>\n\n\n\n<p class=\"ext-animate--on\" style=\"margin-top:1.5rem\">Koge professionaalseid iluhoolitsusi, mis on loodud just sinu jaoks.\nAlates laitmatust jumestusest kuni nahka turgutavate hoolitsusteni \u2013 avasta, miks paljud eelistavad just meie salongi, kui soovivad v\u00e4rsket ja s\u00e4ravat tulemust.<\/p>\n\n\n\n<div class=\"wp-block-buttons ext-animate--on is-layout-flex wp-block-buttons-is-layout-flex\">\n<div class=\"wp-block-button is-style-ext-preset--button--natural-1--button-1 is-style-ext-preset--button--natural-1--button-1--3\"><a class=\"wp-block-button__link wp-element-button\" href=\"https:\/\/xn--hbesalong-q7a.eu\/et\/services\/\">Teenused<\/a><\/div>\n<\/div>\n<\/div>\n<\/div>\n<\/div>\n\n\n\n<div class=\"wp-block-group alignfull is-style-ext-preset--group--natural-1--section has-tertiary-background-color has-background has-global-padding is-layout-constrained wp-container-core-group-is-layout-e955bbaf wp-block-group-is-layout-constrained is-style-ext-preset--group--natural-1--section--4\" id=\"services\" style=\"margin-top:0;margin-bottom:0;padding-top:var(--wp--preset--spacing--70);padding-bottom:var(--wp--preset--spacing--70)\">\n<div class=\"wp-block-group alignwide ext-is-logical-start has-global-padding is-content-justification-left is-layout-constrained wp-container-core-group-is-layout-6729bdbe wp-block-group-is-layout-constrained\">\n<h2 class=\"wp-block-heading ext-animate--on\">Naudi rahu ja l\u00f5\u00f5gastust meie elegantses ilusalongis<\/h2>\n\n\n\n<p class=\"has-text-align-left ext-animate--on\">Avasta meie lai valik iluhoolitsusi, mis on loodud sinu heaolu ja rahulolu silmas pidades.<\/p>\n<\/div>\n\n\n\n<div class=\"wp-block-columns alignwide is-layout-flex wp-container-core-columns-is-layout-08c01c1c wp-block-columns-is-layout-flex\">\n<div class=\"wp-block-column ext-animate--on is-layout-flow wp-block-column-is-layout-flow\">\n<div class=\"wp-block-group is-style-ext-preset--group--natural-1--item-card-1--align-start has-global-padding is-layout-constrained wp-block-group-is-layout-constrained is-style-ext-preset--group--natural-1--item-card-1--align-start--5\">\n<figure class=\"wp-block-image\"><img loading=\"lazy\" decoding=\"async\" width=\"1080\" height=\"810\" src=\"https:\/\/xn--hbesalong-q7a.eu\/wp-content\/uploads\/2026\/03\/image-1-edited.jpg\" alt=\"\" class=\"wp-image-119\" style=\"aspect-ratio:4\/3;object-fit:cover\" srcset=\"https:\/\/xn--hbesalong-q7a.eu\/wp-content\/uploads\/2026\/03\/image-1-edited.jpg 1080w, https:\/\/xn--hbesalong-q7a.eu\/wp-content\/uploads\/2026\/03\/image-1-edited-300x225.jpg 300w, https:\/\/xn--hbesalong-q7a.eu\/wp-content\/uploads\/2026\/03\/image-1-edited-1024x768.jpg 1024w, https:\/\/xn--hbesalong-q7a.eu\/wp-content\/uploads\/2026\/03\/image-1-edited-768x576.jpg 768w, https:\/\/xn--hbesalong-q7a.eu\/wp-content\/uploads\/2026\/03\/image-1-edited-16x12.jpg 16w\" sizes=\"auto, (max-width: 1080px) 100vw, 1080px\" \/><\/figure>\n\n\n\n<div class=\"wp-block-group is-style-default has-global-padding is-layout-constrained wp-block-group-is-layout-constrained\">\n<h3 class=\"wp-block-heading\">N\u00e4ohooldused<\/h3>\n\n\n\n<p>Individuaalselt kohandatud n\u00e4ohooldus, mis aitab nahka v\u00e4rskendada ja taastada.<\/p>\n<\/div>\n<\/div>\n<\/div>\n\n\n\n<div class=\"wp-block-column ext-animate--on is-layout-flow wp-block-column-is-layout-flow\">\n<div class=\"wp-block-group is-style-ext-preset--group--natural-1--item-card-1--align-start has-global-padding is-layout-constrained wp-block-group-is-layout-constrained is-style-ext-preset--group--natural-1--item-card-1--align-start--6\">\n<figure class=\"wp-block-image\"><img loading=\"lazy\" decoding=\"async\" width=\"1080\" height=\"720\" src=\"https:\/\/xn--hbesalong-q7a.eu\/wp-content\/uploads\/2026\/03\/image-5.jpg\" alt=\"\" class=\"wp-image-123\" style=\"aspect-ratio:4\/3;object-fit:cover\" srcset=\"https:\/\/xn--hbesalong-q7a.eu\/wp-content\/uploads\/2026\/03\/image-5.jpg 1080w, https:\/\/xn--hbesalong-q7a.eu\/wp-content\/uploads\/2026\/03\/image-5-300x200.jpg 300w, https:\/\/xn--hbesalong-q7a.eu\/wp-content\/uploads\/2026\/03\/image-5-1024x683.jpg 1024w, https:\/\/xn--hbesalong-q7a.eu\/wp-content\/uploads\/2026\/03\/image-5-768x512.jpg 768w, https:\/\/xn--hbesalong-q7a.eu\/wp-content\/uploads\/2026\/03\/image-5-18x12.jpg 18w\" sizes=\"auto, (max-width: 1080px) 100vw, 1080px\" \/><\/figure>\n\n\n\n<div class=\"wp-block-group is-style-default has-global-padding is-layout-constrained wp-block-group-is-layout-constrained\">\n<h3 class=\"wp-block-heading\">Personaalne juuksuriteenus<\/h3>\n\n\n\n<p>Professionaalselt kujundatud l\u00f5ikused ja soengud, mis toovad esile sinu loomuliku ilu.<\/p>\n<\/div>\n<\/div>\n<\/div>\n\n\n\n<div class=\"wp-block-column ext-animate--on is-layout-flow wp-block-column-is-layout-flow\">\n<div class=\"wp-block-group is-style-ext-preset--group--natural-1--item-card-1--align-start has-global-padding is-layout-constrained wp-block-group-is-layout-constrained is-style-ext-preset--group--natural-1--item-card-1--align-start--7\">\n<figure class=\"wp-block-image\"><img loading=\"lazy\" decoding=\"async\" width=\"1440\" height=\"960\" src=\"https:\/\/xn--hbesalong-q7a.eu\/wp-content\/uploads\/2026\/03\/d82367fc54d71cd4547be2c21cd1535ec05adf5b.jpg\" alt=\"\" class=\"wp-image-51\" style=\"aspect-ratio:4\/3;object-fit:cover\" srcset=\"https:\/\/xn--hbesalong-q7a.eu\/wp-content\/uploads\/2026\/03\/d82367fc54d71cd4547be2c21cd1535ec05adf5b.jpg 1440w, https:\/\/xn--hbesalong-q7a.eu\/wp-content\/uploads\/2026\/03\/d82367fc54d71cd4547be2c21cd1535ec05adf5b-300x200.jpg 300w, https:\/\/xn--hbesalong-q7a.eu\/wp-content\/uploads\/2026\/03\/d82367fc54d71cd4547be2c21cd1535ec05adf5b-1024x683.jpg 1024w, https:\/\/xn--hbesalong-q7a.eu\/wp-content\/uploads\/2026\/03\/d82367fc54d71cd4547be2c21cd1535ec05adf5b-768x512.jpg 768w, https:\/\/xn--hbesalong-q7a.eu\/wp-content\/uploads\/2026\/03\/d82367fc54d71cd4547be2c21cd1535ec05adf5b-18x12.jpg 18w\" sizes=\"auto, (max-width: 1440px) 100vw, 1440px\" \/><\/figure>\n\n\n\n<div class=\"wp-block-group is-style-default has-global-padding is-layout-constrained wp-block-group-is-layout-constrained\">\n<h3 class=\"wp-block-heading\">Professionaalne k\u00fc\u00fcnehooldus<\/h3>\n\n\n\n<p>Kvaliteetsed manik\u00fc\u00fcri- ja pedik\u00fc\u00fcriteenused, mis tagavad hoolitsetud v\u00e4limuse ja p\u00fcsiva elegantsi.<\/p>\n<\/div>\n<\/div>\n<\/div>\n<\/div>\n<\/div>","protected":false},"excerpt":{"rendered":"<p>Unveil Your Stunning Style Now Experience our expert beauty treatments tailored just for you. From flawless makeup to rejuvenating skincare, discover why our salon is the preferred choice for radiant transformations. Experience Tranquility in Our Elegant Beauty Suites Discover our extensive range of beauty treatments crafted for your satisfaction and well-being. Signature Facial Therapy A [&hellip;]<\/p>\n","protected":false},"author":1,"featured_media":0,"parent":0,"menu_order":0,"comment_status":"closed","ping_status":"closed","template":"no-title","meta":{"footnotes":""},"class_list":["post-41","page","type-page","status-publish","hentry"],"_links":{"self":[{"href":"https:\/\/xn--hbesalong-q7a.eu\/et\/wp-json\/wp\/v2\/pages\/41","targetHints":{"allow":["GET"]}}],"collection":[{"href":"https:\/\/xn--hbesalong-q7a.eu\/et\/wp-json\/wp\/v2\/pages"}],"about":[{"href":"https:\/\/xn--hbesalong-q7a.eu\/et\/wp-json\/wp\/v2\/types\/page"}],"author":[{"embeddable":true,"href":"https:\/\/xn--hbesalong-q7a.eu\/et\/wp-json\/wp\/v2\/users\/1"}],"replies":[{"embeddable":true,"href":"https:\/\/xn--hbesalong-q7a.eu\/et\/wp-json\/wp\/v2\/comments?post=41"}],"version-history":[{"count":8,"href":"https:\/\/xn--hbesalong-q7a.eu\/et\/wp-json\/wp\/v2\/pages\/41\/revisions"}],"predecessor-version":[{"id":128,"href":"https:\/\/xn--hbesalong-q7a.eu\/et\/wp-json\/wp\/v2\/pages\/41\/revisions\/128"}],"wp:attachment":[{"href":"https:\/\/xn--hbesalong-q7a.eu\/et\/wp-json\/wp\/v2\/media?parent=41"}],"curies":[{"name":"wp","href":"https:\/\/api.w.org\/{rel}","templated":true}]}}